{"id":1634,"date":"2021-03-30T06:43:05","date_gmt":"2021-03-30T03:43:05","guid":{"rendered":"https:\/\/bohre.ru\/?page_id=1634"},"modified":"2024-01-22T11:36:12","modified_gmt":"2024-01-22T08:36:12","slug":"adaptery-vtulki-dlya-metchikov","status":"publish","type":"page","link":"https:\/\/bohre.ru\/tr\/products\/adaptery-vtulki-dlya-metchikov\/","title":{"rendered":"Adapt\u00f6rler, bur\u00e7lar i\u00e7in \u043c\u0435\u0442\u0447\u0438\u043a\u043e\u0432"},"content":{"rendered":"<h1>Bohre k\u0131lavuzlar\u0131 i\u00e7in adapt\u00f6r bur\u00e7lar\u0131 ve adapt\u00f6rler<\/h1>\n<h2>Bohre musluklar i\u00e7in man\u015fon adapt\u00f6rleri<\/h2>\n<p><img decoding=\"async\" src=\"\/wp-content\/uploads\/dscf2250-e1617550803108.jpg\" alt=\"\"><\/p>\n<h3>Weldon sapl\u0131 k\u0131lavuzlar i\u00e7in adapt\u00f6rler<\/h3>\n<div>\n<table class=\"uk-table uk-table-divider uk-table-hover mytable\">\n<thead>\n<tr>\n<th>\u00c7ap<\/th>\n<th>\u0130sim<\/th>\n<th>sat\u0131c\u0131 kodu<\/th>\n<\/tr>\n<\/thead>\n<tbody>\n<tr>\n<td>\td6\t<\/td>\n<td>\t                    M5 DIN376 Kaynak 19\t<\/td>\n<td>KB003355\n<\/td>\n<\/tr>\n<tr>\n<td>\td6\t<\/td>\n<td>\t                    M8 DIN376 Kaynak 19\t<\/td>\n<td>KB000765\n<\/td>\n<\/tr>\n<tr>\n<td>\td7\t<\/td>\n<td>\t                    M10 DIN376 Kaynak 19 \t<\/td>\n<td>KB000766\n<\/td>\n<\/tr>\n<tr>\n<td>\td9\t<\/td>\n<td>\t                    M12 DIN376 Kaynak 19\t<\/td>\n<td>KB000767\n<\/td>\n<\/tr>\n<tr>\n<td>\td11\t<\/td>\n<td>\t                    M14 DIN376 Kaynak 19 \t<\/td>\n<td>KB000768\n<\/td>\n<\/tr>\n<tr>\n<td>\td12\t<\/td>\n<td>\t                    M16 DIN376 Kaynak 19\t<\/td>\n<td>KB000769\n<\/td>\n<\/tr>\n<tr>\n<td>\td14\t<\/td>\n<td>\t                    M18 DIN376 Kaynak 19\t<\/td>\n<td>KB000764\n<\/td>\n<\/tr>\n<tr>\n<td>\td16\t<\/td>\n<td>\t                    M20 DIN376 Kaynak 19 \t<\/td>\n<td>KB000770\n<\/td>\n<\/tr>\n<tr>\n<td>\td18\t<\/td>\n<td>\t                    M22 DIN376 Kaynak 32\t<\/td>\n<td>KB000771\n<\/td>\n<\/tr>\n<tr>\n<td>\td20\t<\/td>\n<td>\t                    M27 DIN376 Kaynak 32 \t<\/td>\n<td>KB000772\n<\/td>\n<\/tr>\n<tr>\n<td>\td22\t<\/td>\n<td>\t                    M30 DIN376 Kaynak 32\t<\/td>\n<td>KB000773\n<\/td>\n<\/tr>\n<\/tbody>\n<\/table>\n<\/div>\n<h3>Bur\u00e7lar<\/h3>\n<div>\n<table class=\"uk-table uk-table-divider uk-table-hover mytable\">\n<thead>\n<tr>\n<th>\u0130sim<\/th>\n<th>sat\u0131c\u0131 kodu<\/th>\n<\/tr>\n<\/thead>\n<tbody>\n<tr>\n<td>KM2-&gt;KM1<\/td>\n<td>KB011040<\/td>\n<\/tr>\n<tr>\n<td>KM3-&gt;KM1<\/td>\n<td>KB000352<\/td>\n<\/tr>\n<tr>\n<td>KM3-&gt;KM2<\/td>\n<td>KB000025<\/td>\n<\/tr>\n<tr>\n<td>KM4-&gt;KM3<\/td>\n<td>KB007888<\/td>\n<\/tr>\n<\/tbody>\n<\/table>\n<\/div>\n<hr>\n<p><!-- {\"name\":\"Product 29.03\",\"type\":\"layout\",\"children\":[{\"type\":\"section\",\"props\":{\"style\":\"default\",\"width\":\"expand\",\"vertical_align\":\"middle\",\"title_position\":\"top-left\",\"title_rotation\":\"left\",\"title_breakpoint\":\"xl\",\"image_position\":\"top-left\",\"image\":\"wp-content\\\/uploads\\\/verhnij-fon-1.jpg\",\"header_transparent\":\"light\",\"padding_remove_bottom\":false,\"padding_remove_top\":true,\"image_size\":\"cover\"},\"children\":[{\"type\":\"row\",\"children\":[{\"type\":\"column\",\"props\":{\"image_position\":\"center-center\",\"media_overlay_gradient\":\"\",\"width_medium\":\"\",\"image\":\"wp-content\\\/uploads\\\/home-hero-texture.svg\",\"image_effect\":\"parallax\",\"image_parallax_bgx_start\":\"0\",\"image_parallax_bgy_start\":\"-100\",\"image_parallax_bgy_end\":\"0\",\"image_parallax_easing\":\"0\"},\"children\":[{\"type\":\"headline\",\"props\":{\"title_element\":\"h1\",\"title_style\":\"heading-small\",\"title_color\":\"success\",\"animation\":\"parallax\",\"parallax_x_end\":\"-50\",\"parallax_opacity_end\":\"0\",\"parallax_opacity_start\":\"1\",\"parallax_breakpoint\":\"m\",\"css\":\".el-element\\n{\\n   max-width: 740px;\\n}\",\"class\":\"h1mob2\",\"content\":\"\\u0412\\u0442\\u0443\\u043b\\u043a\\u0438 \\u043f\\u0435\\u0440\\u0435\\u0445\\u043e\\u0434\\u043d\\u044b\\u0435 \\u0438 \\u0430\\u0434\\u0430\\u043f\\u0442\\u0435\\u0440\\u044b \\u0434\\u043b\\u044f \\u043c\\u0435\\u0442\\u0447\\u0438\\u043a\\u043e\\u0432 Bohre\"},\"source\":{\"query\":{\"name\":\"\"},\"props\":{}}}]}],\"props\":{\"width\":\"large\",\"margin_remove_bottom\":true,\"margin_remove_top\":true}}],\"name\":\"Head\"},{\"type\":\"section\",\"props\":{\"style\":\"default\",\"width\":\"default\",\"vertical_align\":\"middle\",\"title_position\":\"top-left\",\"title_rotation\":\"left\",\"title_breakpoint\":\"xl\",\"image_position\":\"center-center\",\"padding\":\"xsmall\",\"padding_remove_top\":false,\"class\":\"uk-visible@s\"},\"children\":[{\"type\":\"row\",\"children\":[{\"type\":\"column\",\"props\":{\"image_position\":\"center-center\",\"media_overlay_gradient\":\"\"},\"children\":[{\"type\":\"breadcrumbs\",\"props\":{\"show_home\":true,\"show_current\":true}}]}]}]},{\"type\":\"section\",\"props\":{\"style\":\"default\",\"width\":\"default\",\"vertical_align\":\"middle\",\"title_position\":\"top-left\",\"title_rotation\":\"left\",\"title_breakpoint\":\"xl\",\"image_position\":\"center-center\",\"padding\":\"xsmall\"},\"children\":[{\"type\":\"row\",\"children\":[{\"type\":\"column\",\"props\":{\"image_position\":\"center-center\",\"media_overlay_gradient\":\"\"},\"children\":[{\"type\":\"headline\",\"props\":{\"title_element\":\"h2\",\"content\":\"\\u0410\\u0434\\u0430\\u043f\\u0442\\u0435\\u0440\\u044b \\u0432\\u0442\\u0443\\u043b\\u043a\\u0438 \\u0434\\u043b\\u044f \\u043c\\u0435\\u0442\\u0447\\u0438\\u043a\\u043e\\u0432 Bohre [\\u0411\\u043e\\u0440\\u044d]\",\"title_style\":\"h2\"}},{\"type\":\"image\",\"props\":{\"margin\":\"default\",\"image_svg_color\":\"emphasis\",\"image\":\"wp-content\\\/uploads\\\/dscf2250-e1617550803108.jpg\",\"maxwidth\":\"large\",\"block_align\":\"center\"}}]}]},{\"type\":\"row\",\"props\":{\"class\":\"\"},\"children\":[{\"type\":\"column\",\"props\":{\"image_position\":\"center-center\",\"media_overlay_gradient\":\"\"},\"children\":[{\"type\":\"headline\",\"props\":{\"title_element\":\"h3\",\"title_style\":\"h3\",\"content\":\"\\u0410\\u0434\\u0430\\u043f\\u0442\\u0435\\u0440\\u044b \\u0434\\u043b\\u044f \\u043c\\u0435\\u0442\\u0447\\u0438\\u043a\\u043e\\u0432 \\u0441 \\u0445\\u0432\\u043e\\u0441\\u0442\\u043e\\u0432\\u0438\\u043a\\u043e\\u043c Weldon\"}},{\"type\":\"html\",\"props\":{\"content\":\"\n\n<table class=\\\"uk-table uk-table-divider uk-table-hover mytable\\\">\\n\n\n<thead>\\n    \n\n<tr>    \\n    \n\n<th>\\u0414\\u0438\\u0430\\u043c\\u0435\\u0442\\u0440<\\\/th>\\n    \n\n<th>\\u041d\\u0430\\u0438\\u043c\\u0435\\u043d\\u043e\\u0432\\u0430\\u043d\\u0438\\u0435<\\\/th>\\n    \n\n<th>\\u0410\\u0440\\u0442\\u0438\\u043a\\u0443\\u043b<\\\/th>\\n    <\\\/tr>\\n<\\\/thead>\\n\n\n<tbody>\\n\n\n<tr>\\t\n\n<td>\\td6\\t<\\\/td>\\t\n\n<td>\\t                    M5 DIN376 Weldon 19\\t<\\\/td>\\t\\t\\t\n\n<td>\\u041a\\u0411003355\\n<\\\/td>\\t\\t\\t<\\\/tr>\\n\n\n<tr>\\t\n\n<td>\\td6\\t<\\\/td>\\t\n\n<td>\\t                    M8 DIN376 Weldon 19\\t<\\\/td>\\t\\t\\t\n\n<td>\\u041a\\u0411000765\\n<\\\/td>\\t\\t\\t<\\\/tr>\\n\n\n<tr>\\t\n\n<td>\\td7\\t<\\\/td>\\t\n\n<td>\\t                    M10 DIN376 Weldon 19 \\t<\\\/td>\\t\\t\n\n<td>\\u041a\\u0411000766   \\n<\\\/td>\\t<\\\/tr>    \\n\n\n<tr>\\t\n\n<td>\\td9\\t<\\\/td>\\t\n\n<td>\\t                    M12 DIN376 Weldon 19\\t<\\\/td>\\t\\t\\t\n\n<td>\\u041a\\u0411000767   \\n<\\\/td><\\\/tr>\\n\n\n<tr>\\t\n\n<td>\\td11\\t<\\\/td>\\t\n\n<td>\\t                    M14 DIN376 Weldon 19 \\t<\\\/td>\\t\\t\n\n<td>\\u041a\\u0411000768   \\n<\\\/td>\\t\\t<\\\/tr>\\n\n\n<tr>\\t\n\n<td>\\td12\\t<\\\/td>\\t\n\n<td>\\t                    M16 DIN376 Weldon 19\\t<\\\/td>\\t\\t\\t\n\n<td>\\u041a\\u0411000769\\n<\\\/td>\\t<\\\/tr>\\n\n\n<tr>\\t\n\n<td>\\td14\\t<\\\/td>\\t\n\n<td>\\t                    M18 DIN376 Weldon 19\\t<\\\/td>\\t\\t\\t\n\n<td>\\u041a\\u0411000764   \\n<\\\/td>\\t<\\\/tr>\\n\n\n<tr>\\t\n\n<td>\\td16\\t<\\\/td>\\t\n\n<td>\\t                    M20 DIN376 Weldon 19 \\t<\\\/td>\\t\\t\n\n<td>\\u041a\\u0411000770   \\n<\\\/td>\\t<\\\/tr>    \\n\n\n<tr>\\t\n\n<td>\\td18\\t<\\\/td>\\t\n\n<td>\\t                    M22 DIN376 Weldon 32\\t<\\\/td>\\t\\t\\t\n\n<td>\\u041a\\u0411000771   \\n<\\\/td>\\t<\\\/tr>\\n\n\n<tr>\\t\n\n<td>\\td20\\t<\\\/td>\\t\n\n<td>\\t                    M27 DIN376 Weldon 32 \\t<\\\/td>\\t\\t\n\n<td>\\u041a\\u0411000772   \\n<\\\/td>\\t\\t<\\\/tr>\\n\n\n<tr>\\t\n\n<td>\\td22\\t<\\\/td>\\t\n\n<td>\\t                    M30 DIN376 Weldon 32\\t<\\\/td>\\t\\t\\t\n\n<td>\\u041a\\u0411000773   \\n<\\\/td>\\t<\\\/tr>\\n\\n\\n<\\\/tbody>\\n<\\\/table>\"}}]}]},{\"type\":\"row\",\"props\":{\"class\":\"\"},\"children\":[{\"type\":\"column\",\"props\":{\"image_position\":\"center-center\",\"media_overlay_gradient\":\"\"},\"children\":[{\"type\":\"headline\",\"props\":{\"title_element\":\"h3\",\"title_style\":\"h3\",\"content\":\"\\u0412\\u0442\\u0443\\u043b\\u043a\\u0438 \\u043f\\u0435\\u0440\\u0435\\u0445\\u043e\\u0434\\u043d\\u044b\\u0435\"}},{\"type\":\"html\",\"props\":{\"content\":\"\n\n<table class=\\\"uk-table uk-table-divider uk-table-hover mytable\\\">\\n\n\n<thead>\\n    \n\n<tr>    \\n    \n\n<th>\\u041d\\u0430\\u0438\\u043c\\u0435\\u043d\\u043e\\u0432\\u0430\\u043d\\u0438\\u0435<\\\/th>\\n    \n\n<th>\\u0410\\u0440\\u0442\\u0438\\u043a\\u0443\\u043b<\\\/th>\\n    <\\\/tr>\\n<\\\/thead>\\n\n\n<tbody>\\n\n\n<tr>\n\n<td>KM2->KM1<\\\/td>\n\n<td>\\u041a\\u0411011040<\\\/td><\\\/tr>\\n\n\n<tr>\n\n<td>KM3->KM1<\\\/td>\n\n<td>\\u041a\\u0411000352<\\\/td><\\\/tr>\\n\n\n<tr>\n\n<td>KM3->KM2<\\\/td>\n\n<td>\\u041a\\u0411000025<\\\/td><\\\/tr>\\n\n\n<tr>\n\n<td>KM4->KM3<\\\/td>\n\n<td>\\u041a\\u0411007888<\\\/td><\\\/tr>\\n\\n\\n<\\\/tbody>\\n<\\\/table>\"}}]}]},{\"type\":\"row\",\"children\":[{\"type\":\"column\",\"props\":{\"image_position\":\"center-center\",\"media_overlay_gradient\":\"\"},\"children\":[{\"type\":\"divider\",\"props\":{\"divider_element\":\"hr\",\"divider_style\":\"icon\"}}]}]}]}],\"version\":\"2.2.2\"} --><\/p>","protected":false},"excerpt":{"rendered":"<p>BOHRA adapt\u00f6rleri ve BOHRE i\u00e7in adapt\u00f6rler K\u0131lavuzlar i\u00e7in adapt\u00f6rler BOHRE [BORE] Weldon sap \u00e7ap\u0131na sahip k\u0131lavuzlar i\u00e7in adapt\u00f6rler ad\u0131 D6 M5 Din376 Weldon 19 KB003355 D6 M8 DIN376 DIN376 DIN376 WELDON 19 KB000 M12 DIN3 CB000 DIN3 DIN376 Weldon 19 CB000768 d12 M16 [\u2026 ]<\/p>","protected":false},"author":1,"featured_media":0,"parent":196,"menu_order":0,"comment_status":"closed","ping_status":"closed","template":"","meta":{"footnotes":""},"class_list":["post-1634","page","type-page","status-publish","hentry"],"yoast_head":"<!-- This site is optimized with the Yoast SEO plugin v23.1 - https:\/\/yoast.com\/wordpress\/plugins\/seo\/ -->\n<title>\u0412\u0442\u0443\u043b\u043a\u0438 \u043f\u0435\u0440\u0435\u0445\u043e\u0434\u043d\u044b\u0435 \u0438 \u0430\u0434\u0430\u043f\u0442\u0435\u0440\u044b \u0434\u043b\u044f \u043c\u0435\u0442\u0447\u0438\u043a\u043e\u0432 Bohre \u043a\u0443\u043f\u0438\u0442\u044c \u0434\u0435\u0448\u0435\u0432\u043e<\/title>\n<meta name=\"description\" content=\"\u0417\u0430\u043a\u0430\u0437\u0430\u0442\u044c \u0432\u0442\u0443\u043b\u043a\u0438 \u043f\u0435\u0440\u0435\u0445\u043e\u0434\u043d\u044b\u0435 \u0438 \u0430\u0434\u0430\u043f\u0442\u0435\u0440\u044b \u0434\u043b\u044f \u043c\u0435\u0442\u0447\u0438\u043a\u043e\u0432 Bohre \u043f\u043e \u0434\u043e\u0441\u0442\u0443\u043f\u043d\u043e\u0439 \u0446\u0435\u043d\u0435. \u0423 \u043d\u0430\u0441 \u0441\u043a\u0438\u0434\u043a\u0438 \u0434\u043e 30% \u0434\u043b\u044f \u0434\u0438\u043b\u0435\u0440\u043e\u0432 \u0438 \u0448\u0438\u0440\u043e\u043a\u0438\u0439 \u0430\u0441\u0441\u043e\u0440\u0442\u0438\u043c\u0435\u043d\u0442 \u043f\u0440\u043e\u0434\u0443\u043a\u0446\u0438\u0438. \u0417\u0432\u043e\u043d\u0438\u0442\u0435 \u0443\u0436\u0435 \u0441\u0435\u0439\u0447\u0430\u0441\" \/>\n<meta name=\"robots\" content=\"index, follow, max-snippet:-1, max-image-preview:large, max-video-preview:-1\" \/>\n<link rel=\"canonical\" href=\"https:\/\/bohre.ru\/tr\/products\/adaptery-vtulki-dlya-metchikov\/\" \/>\n<meta property=\"og:locale\" content=\"tr_TR\" \/>\n<meta property=\"og:type\" content=\"article\" \/>\n<meta property=\"og:title\" content=\"\u0412\u0442\u0443\u043b\u043a\u0438 \u043f\u0435\u0440\u0435\u0445\u043e\u0434\u043d\u044b\u0435 \u0438 \u0430\u0434\u0430\u043f\u0442\u0435\u0440\u044b \u0434\u043b\u044f \u043c\u0435\u0442\u0447\u0438\u043a\u043e\u0432 Bohre \u043a\u0443\u043f\u0438\u0442\u044c \u0434\u0435\u0448\u0435\u0432\u043e\" \/>\n<meta property=\"og:description\" content=\"\u0417\u0430\u043a\u0430\u0437\u0430\u0442\u044c \u0432\u0442\u0443\u043b\u043a\u0438 \u043f\u0435\u0440\u0435\u0445\u043e\u0434\u043d\u044b\u0435 \u0438 \u0430\u0434\u0430\u043f\u0442\u0435\u0440\u044b \u0434\u043b\u044f \u043c\u0435\u0442\u0447\u0438\u043a\u043e\u0432 Bohre \u043f\u043e \u0434\u043e\u0441\u0442\u0443\u043f\u043d\u043e\u0439 \u0446\u0435\u043d\u0435. \u0423 \u043d\u0430\u0441 \u0441\u043a\u0438\u0434\u043a\u0438 \u0434\u043e 30% \u0434\u043b\u044f \u0434\u0438\u043b\u0435\u0440\u043e\u0432 \u0438 \u0448\u0438\u0440\u043e\u043a\u0438\u0439 \u0430\u0441\u0441\u043e\u0440\u0442\u0438\u043c\u0435\u043d\u0442 \u043f\u0440\u043e\u0434\u0443\u043a\u0446\u0438\u0438. \u0417\u0432\u043e\u043d\u0438\u0442\u0435 \u0443\u0436\u0435 \u0441\u0435\u0439\u0447\u0430\u0441\" \/>\n<meta property=\"og:url\" content=\"https:\/\/bohre.ru\/tr\/products\/adaptery-vtulki-dlya-metchikov\/\" \/>\n<meta property=\"og:site_name\" content=\"Bohre\" \/>\n<meta property=\"article:modified_time\" content=\"2024-01-22T08:36:12+00:00\" \/>\n<meta name=\"twitter:card\" content=\"summary_large_image\" \/>\n<script type=\"application\/ld+json\" class=\"yoast-schema-graph\">{\"@context\":\"https:\/\/schema.org\",\"@graph\":[{\"@type\":\"WebPage\",\"@id\":\"https:\/\/bohre.ru\/products\/adaptery-vtulki-dlya-metchikov\/\",\"url\":\"https:\/\/bohre.ru\/products\/adaptery-vtulki-dlya-metchikov\/\",\"name\":\"\u0412\u0442\u0443\u043b\u043a\u0438 \u043f\u0435\u0440\u0435\u0445\u043e\u0434\u043d\u044b\u0435 \u0438 \u0430\u0434\u0430\u043f\u0442\u0435\u0440\u044b \u0434\u043b\u044f \u043c\u0435\u0442\u0447\u0438\u043a\u043e\u0432 Bohre \u043a\u0443\u043f\u0438\u0442\u044c \u0434\u0435\u0448\u0435\u0432\u043e\",\"isPartOf\":{\"@id\":\"https:\/\/bohre.ru\/#website\"},\"datePublished\":\"2021-03-30T03:43:05+00:00\",\"dateModified\":\"2024-01-22T08:36:12+00:00\",\"description\":\"\u0417\u0430\u043a\u0430\u0437\u0430\u0442\u044c \u0432\u0442\u0443\u043b\u043a\u0438 \u043f\u0435\u0440\u0435\u0445\u043e\u0434\u043d\u044b\u0435 \u0438 \u0430\u0434\u0430\u043f\u0442\u0435\u0440\u044b \u0434\u043b\u044f \u043c\u0435\u0442\u0447\u0438\u043a\u043e\u0432 Bohre \u043f\u043e \u0434\u043e\u0441\u0442\u0443\u043f\u043d\u043e\u0439 \u0446\u0435\u043d\u0435. \u0423 \u043d\u0430\u0441 \u0441\u043a\u0438\u0434\u043a\u0438 \u0434\u043e 30% \u0434\u043b\u044f \u0434\u0438\u043b\u0435\u0440\u043e\u0432 \u0438 \u0448\u0438\u0440\u043e\u043a\u0438\u0439 \u0430\u0441\u0441\u043e\u0440\u0442\u0438\u043c\u0435\u043d\u0442 \u043f\u0440\u043e\u0434\u0443\u043a\u0446\u0438\u0438. \u0417\u0432\u043e\u043d\u0438\u0442\u0435 \u0443\u0436\u0435 \u0441\u0435\u0439\u0447\u0430\u0441\",\"breadcrumb\":{\"@id\":\"https:\/\/bohre.ru\/products\/adaptery-vtulki-dlya-metchikov\/#breadcrumb\"},\"inLanguage\":\"tr\",\"potentialAction\":[{\"@type\":\"ReadAction\",\"target\":[\"https:\/\/bohre.ru\/products\/adaptery-vtulki-dlya-metchikov\/\"]}]},{\"@type\":\"BreadcrumbList\",\"@id\":\"https:\/\/bohre.ru\/products\/adaptery-vtulki-dlya-metchikov\/#breadcrumb\",\"itemListElement\":[{\"@type\":\"ListItem\",\"position\":1,\"name\":\"[:ru]\u0413\u043b\u0430\u0432\u043d\u0430\u044f \u0441\u0442\u0440\u0430\u043d\u0438\u0446\u0430[:]\",\"item\":\"https:\/\/bohre.ru\/\"},{\"@type\":\"ListItem\",\"position\":2,\"name\":\"\u041f\u0440\u043e\u0434\u0443\u043a\u0446\u0438\u044f\",\"item\":\"https:\/\/bohre.ru\/products\/\"},{\"@type\":\"ListItem\",\"position\":3,\"name\":\"\u0410\u0434\u0430\u043f\u0442\u0435\u0440\u044b \u0432\u0442\u0443\u043b\u043a\u0438 \u0434\u043b\u044f \u043c\u0435\u0442\u0447\u0438\u043a\u043e\u0432\"}]},{\"@type\":\"WebSite\",\"@id\":\"https:\/\/bohre.ru\/#website\",\"url\":\"https:\/\/bohre.ru\/\",\"name\":\"Bohre\",\"description\":\"\u043e\u0444\u0438\u0446\u0438\u0430\u043b\u044c\u043d\u044b\u0439 \u0441\u0430\u0439\u0442, \u043a\u043e\u0440\u043e\u043d\u0447\u0430\u0442\u044b\u0435 \u0441\u0432\u0435\u0440\u043b\u0430 \u0438 \u0441\u043e\u043f\u0443\u0442\u0441\u0442\u0432\u0443\u044e\u0449\u0438\u0435 \u043c\u0430\u0442\u0435\u0440\u0438\u0430\u043b\u044b \u0434\u043b\u044f \u0441\u0432\u0435\u0440\u043b\u0435\u043d\u0438\u044f \u0438 \u043c\u0435\u0442\u0430\u043b\u043b\u043e\u043e\u0431\u0440\u0430\u0431\u043e\u0442\u043a\u0438\",\"publisher\":{\"@id\":\"https:\/\/bohre.ru\/#organization\"},\"potentialAction\":[{\"@type\":\"SearchAction\",\"target\":{\"@type\":\"EntryPoint\",\"urlTemplate\":\"https:\/\/bohre.ru\/?s={search_term_string}\"},\"query-input\":\"required name=search_term_string\"}],\"inLanguage\":\"tr\"},{\"@type\":\"Organization\",\"@id\":\"https:\/\/bohre.ru\/#organization\",\"name\":\"Bohre [\u0411\u043e\u0440\u044d]\",\"url\":\"https:\/\/bohre.ru\/\",\"logo\":{\"@type\":\"ImageObject\",\"inLanguage\":\"tr\",\"@id\":\"https:\/\/bohre.ru\/#\/schema\/logo\/image\/\",\"url\":\"https:\/\/bohre.ru\/wp-content\/uploads\/Asset-2.svg\",\"contentUrl\":\"https:\/\/bohre.ru\/wp-content\/uploads\/Asset-2.svg\",\"width\":1,\"height\":1,\"caption\":\"Bohre [\u0411\u043e\u0440\u044d]\"},\"image\":{\"@id\":\"https:\/\/bohre.ru\/#\/schema\/logo\/image\/\"}}]}<\/script>\n<!-- \/ Yoast SEO plugin. -->","yoast_head_json":{"title":"\u0412\u0442\u0443\u043b\u043a\u0438 \u043f\u0435\u0440\u0435\u0445\u043e\u0434\u043d\u044b\u0435 \u0438 \u0430\u0434\u0430\u043f\u0442\u0435\u0440\u044b \u0434\u043b\u044f \u043c\u0435\u0442\u0447\u0438\u043a\u043e\u0432 Bohre \u043a\u0443\u043f\u0438\u0442\u044c \u0434\u0435\u0448\u0435\u0432\u043e","description":"\u0417\u0430\u043a\u0430\u0437\u0430\u0442\u044c \u0432\u0442\u0443\u043b\u043a\u0438 \u043f\u0435\u0440\u0435\u0445\u043e\u0434\u043d\u044b\u0435 \u0438 \u0430\u0434\u0430\u043f\u0442\u0435\u0440\u044b \u0434\u043b\u044f \u043c\u0435\u0442\u0447\u0438\u043a\u043e\u0432 Bohre \u043f\u043e \u0434\u043e\u0441\u0442\u0443\u043f\u043d\u043e\u0439 \u0446\u0435\u043d\u0435. \u0423 \u043d\u0430\u0441 \u0441\u043a\u0438\u0434\u043a\u0438 \u0434\u043e 30% \u0434\u043b\u044f \u0434\u0438\u043b\u0435\u0440\u043e\u0432 \u0438 \u0448\u0438\u0440\u043e\u043a\u0438\u0439 \u0430\u0441\u0441\u043e\u0440\u0442\u0438\u043c\u0435\u043d\u0442 \u043f\u0440\u043e\u0434\u0443\u043a\u0446\u0438\u0438. \u0417\u0432\u043e\u043d\u0438\u0442\u0435 \u0443\u0436\u0435 \u0441\u0435\u0439\u0447\u0430\u0441","robots":{"index":"index","follow":"follow","max-snippet":"max-snippet:-1","max-image-preview":"max-image-preview:large","max-video-preview":"max-video-preview:-1"},"canonical":"https:\/\/bohre.ru\/tr\/products\/adaptery-vtulki-dlya-metchikov\/","og_locale":"tr_TR","og_type":"article","og_title":"\u0412\u0442\u0443\u043b\u043a\u0438 \u043f\u0435\u0440\u0435\u0445\u043e\u0434\u043d\u044b\u0435 \u0438 \u0430\u0434\u0430\u043f\u0442\u0435\u0440\u044b \u0434\u043b\u044f \u043c\u0435\u0442\u0447\u0438\u043a\u043e\u0432 Bohre \u043a\u0443\u043f\u0438\u0442\u044c \u0434\u0435\u0448\u0435\u0432\u043e","og_description":"\u0417\u0430\u043a\u0430\u0437\u0430\u0442\u044c \u0432\u0442\u0443\u043b\u043a\u0438 \u043f\u0435\u0440\u0435\u0445\u043e\u0434\u043d\u044b\u0435 \u0438 \u0430\u0434\u0430\u043f\u0442\u0435\u0440\u044b \u0434\u043b\u044f \u043c\u0435\u0442\u0447\u0438\u043a\u043e\u0432 Bohre \u043f\u043e \u0434\u043e\u0441\u0442\u0443\u043f\u043d\u043e\u0439 \u0446\u0435\u043d\u0435. \u0423 \u043d\u0430\u0441 \u0441\u043a\u0438\u0434\u043a\u0438 \u0434\u043e 30% \u0434\u043b\u044f \u0434\u0438\u043b\u0435\u0440\u043e\u0432 \u0438 \u0448\u0438\u0440\u043e\u043a\u0438\u0439 \u0430\u0441\u0441\u043e\u0440\u0442\u0438\u043c\u0435\u043d\u0442 \u043f\u0440\u043e\u0434\u0443\u043a\u0446\u0438\u0438. \u0417\u0432\u043e\u043d\u0438\u0442\u0435 \u0443\u0436\u0435 \u0441\u0435\u0439\u0447\u0430\u0441","og_url":"https:\/\/bohre.ru\/tr\/products\/adaptery-vtulki-dlya-metchikov\/","og_site_name":"Bohre","article_modified_time":"2024-01-22T08:36:12+00:00","twitter_card":"summary_large_image","schema":{"@context":"https:\/\/schema.org","@graph":[{"@type":"WebPage","@id":"https:\/\/bohre.ru\/products\/adaptery-vtulki-dlya-metchikov\/","url":"https:\/\/bohre.ru\/products\/adaptery-vtulki-dlya-metchikov\/","name":"\u0412\u0442\u0443\u043b\u043a\u0438 \u043f\u0435\u0440\u0435\u0445\u043e\u0434\u043d\u044b\u0435 \u0438 \u0430\u0434\u0430\u043f\u0442\u0435\u0440\u044b \u0434\u043b\u044f \u043c\u0435\u0442\u0447\u0438\u043a\u043e\u0432 Bohre \u043a\u0443\u043f\u0438\u0442\u044c \u0434\u0435\u0448\u0435\u0432\u043e","isPartOf":{"@id":"https:\/\/bohre.ru\/#website"},"datePublished":"2021-03-30T03:43:05+00:00","dateModified":"2024-01-22T08:36:12+00:00","description":"\u0417\u0430\u043a\u0430\u0437\u0430\u0442\u044c \u0432\u0442\u0443\u043b\u043a\u0438 \u043f\u0435\u0440\u0435\u0445\u043e\u0434\u043d\u044b\u0435 \u0438 \u0430\u0434\u0430\u043f\u0442\u0435\u0440\u044b \u0434\u043b\u044f \u043c\u0435\u0442\u0447\u0438\u043a\u043e\u0432 Bohre \u043f\u043e \u0434\u043e\u0441\u0442\u0443\u043f\u043d\u043e\u0439 \u0446\u0435\u043d\u0435. \u0423 \u043d\u0430\u0441 \u0441\u043a\u0438\u0434\u043a\u0438 \u0434\u043e 30% \u0434\u043b\u044f \u0434\u0438\u043b\u0435\u0440\u043e\u0432 \u0438 \u0448\u0438\u0440\u043e\u043a\u0438\u0439 \u0430\u0441\u0441\u043e\u0440\u0442\u0438\u043c\u0435\u043d\u0442 \u043f\u0440\u043e\u0434\u0443\u043a\u0446\u0438\u0438. \u0417\u0432\u043e\u043d\u0438\u0442\u0435 \u0443\u0436\u0435 \u0441\u0435\u0439\u0447\u0430\u0441","breadcrumb":{"@id":"https:\/\/bohre.ru\/products\/adaptery-vtulki-dlya-metchikov\/#breadcrumb"},"inLanguage":"tr","potentialAction":[{"@type":"ReadAction","target":["https:\/\/bohre.ru\/products\/adaptery-vtulki-dlya-metchikov\/"]}]},{"@type":"BreadcrumbList","@id":"https:\/\/bohre.ru\/products\/adaptery-vtulki-dlya-metchikov\/#breadcrumb","itemListElement":[{"@type":"ListItem","position":1,"name":"[:ru]\u0413\u043b\u0430\u0432\u043d\u0430\u044f \u0441\u0442\u0440\u0430\u043d\u0438\u0446\u0430[:]","item":"https:\/\/bohre.ru\/"},{"@type":"ListItem","position":2,"name":"\u041f\u0440\u043e\u0434\u0443\u043a\u0446\u0438\u044f","item":"https:\/\/bohre.ru\/products\/"},{"@type":"ListItem","position":3,"name":"\u0410\u0434\u0430\u043f\u0442\u0435\u0440\u044b \u0432\u0442\u0443\u043b\u043a\u0438 \u0434\u043b\u044f \u043c\u0435\u0442\u0447\u0438\u043a\u043e\u0432"}]},{"@type":"WebSite","@id":"https:\/\/bohre.ru\/#website","url":"https:\/\/bohre.ru\/","name":"Bohre","description":"\u043e\u0444\u0438\u0446\u0438\u0430\u043b\u044c\u043d\u044b\u0439 \u0441\u0430\u0439\u0442, \u043a\u043e\u0440\u043e\u043d\u0447\u0430\u0442\u044b\u0435 \u0441\u0432\u0435\u0440\u043b\u0430 \u0438 \u0441\u043e\u043f\u0443\u0442\u0441\u0442\u0432\u0443\u044e\u0449\u0438\u0435 \u043c\u0430\u0442\u0435\u0440\u0438\u0430\u043b\u044b \u0434\u043b\u044f \u0441\u0432\u0435\u0440\u043b\u0435\u043d\u0438\u044f \u0438 \u043c\u0435\u0442\u0430\u043b\u043b\u043e\u043e\u0431\u0440\u0430\u0431\u043e\u0442\u043a\u0438","publisher":{"@id":"https:\/\/bohre.ru\/#organization"},"potentialAction":[{"@type":"SearchAction","target":{"@type":"EntryPoint","urlTemplate":"https:\/\/bohre.ru\/?s={search_term_string}"},"query-input":"required name=search_term_string"}],"inLanguage":"tr"},{"@type":"Organization","@id":"https:\/\/bohre.ru\/#organization","name":"Bohre [\u0411\u043e\u0440\u044d]","url":"https:\/\/bohre.ru\/","logo":{"@type":"ImageObject","inLanguage":"tr","@id":"https:\/\/bohre.ru\/#\/schema\/logo\/image\/","url":"https:\/\/bohre.ru\/wp-content\/uploads\/Asset-2.svg","contentUrl":"https:\/\/bohre.ru\/wp-content\/uploads\/Asset-2.svg","width":1,"height":1,"caption":"Bohre [\u0411\u043e\u0440\u044d]"},"image":{"@id":"https:\/\/bohre.ru\/#\/schema\/logo\/image\/"}}]}},"_links":{"self":[{"href":"https:\/\/bohre.ru\/tr\/wp-json\/wp\/v2\/pages\/1634","targetHints":{"allow":["GET"]}}],"collection":[{"href":"https:\/\/bohre.ru\/tr\/wp-json\/wp\/v2\/pages"}],"about":[{"href":"https:\/\/bohre.ru\/tr\/wp-json\/wp\/v2\/types\/page"}],"author":[{"embeddable":true,"href":"https:\/\/bohre.ru\/tr\/wp-json\/wp\/v2\/users\/1"}],"replies":[{"embeddable":true,"href":"https:\/\/bohre.ru\/tr\/wp-json\/wp\/v2\/comments?post=1634"}],"version-history":[{"count":18,"href":"https:\/\/bohre.ru\/tr\/wp-json\/wp\/v2\/pages\/1634\/revisions"}],"predecessor-version":[{"id":2163,"href":"https:\/\/bohre.ru\/tr\/wp-json\/wp\/v2\/pages\/1634\/revisions\/2163"}],"up":[{"embeddable":true,"href":"https:\/\/bohre.ru\/tr\/wp-json\/wp\/v2\/pages\/196"}],"wp:attachment":[{"href":"https:\/\/bohre.ru\/tr\/wp-json\/wp\/v2\/media?parent=1634"}],"curies":[{"name":"wp","href":"https:\/\/api.w.org\/{rel}","templated":true}]}}